{"id":24113,"date":"2024-01-17T10:44:23","date_gmt":"2024-01-17T10:44:23","guid":{"rendered":"https:\/\/redcross.org.vn\/red-cross-activity\/tuyen-truyen-cac-gia-tri-nhan-dao\/"},"modified":"2024-07-23T09:46:52","modified_gmt":"2024-07-23T09:46:52","slug":"propagating-humanitarian-values","status":"publish","type":"page","link":"https:\/\/redcross.org.vn\/en\/red-cross-activities\/propagating-humanitarian-values","title":{"rendered":"Dissemination on humanitarian values"},"content":{"rendered":"\t<section class=\"section custom-border-section\" id=\"section_454108666\">\n\t\t<div class=\"bg section-bg fill bg-fill  bg-loaded\" >\n\n\t\t\t\n\t\t\t\n\t\t\t\n\n\t\t<\/div>\n\n\t\t\n\n\t\t<div class=\"section-content relative\">\n\t\t\t <div class=\"row row-collapse row-full-width align-equal align-center\"  id=\"row-11871993\"> \n\t<div id=\"col-371358425\" class=\"col small-12 large-12\"  >\n\t\t\t\t<div class=\"col-inner\"  >\n\t\t\t\n\t\t\t <div class=\"container section-title-container title-page-custom\" ><h3 class=\"section-title section-title-normal\"><b><\/b><span class=\"section-title-main\" >TUY\u00caN TRUY\u1ec0N C\u00c1C GI\u00c1 TR\u1eca NH\u00c2N \u0110\u1ea0O<\/span><b><\/b><\/h3><\/div> \t\t<\/div>\n\t\t\t\t\t<\/div>\n\n\t <\/div> <div class=\"row row-collapse row-full-width align-equal align-center\"  id=\"row-1465976813\"> \n\t<div id=\"col-1999782393\" class=\"col small-12 large-12\"  >\n\t\t\t\t<div class=\"col-inner\"  >\n\t\t\t\n\t\t\t \t<div id=\"text-2239222541\" class=\"text text-justify\">\n\t\t\n<p><strong>Ho\u1ea1t \u0111\u1ed9ng ch\u1eef th\u1eadp \u0111\u1ecf v\u1ec1 tuy\u00ean truy\u1ec1n c\u00e1c gi\u00e1 tr\u1ecb nh\u00e2n \u0111\u1ea1o l\u00e0 ho\u1ea1t \u0111\u1ed9ng nh\u1eb1m n\u00e2ng cao nh\u1eadn th\u1ee9c c\u1ee7a t\u1ed5 ch\u1ee9c, c\u00e1 nh\u00e2n v\u1ec1 c\u00e1c n\u1ed9i dung sau \u0111\u00e2y:<\/strong><\/p>\n<p>\n1. M\u1ee5c \u0111\u00edch, \u00fd ngh\u0129a, n\u1ed9i dung c\u1ee7a ho\u1ea1t \u0111\u1ed9ng ch\u1eef th\u1eadp \u0111\u1ecf; truy\u1ec1n th\u1ed1ng nh\u00e2n \u00e1i, t\u00ecnh th\u01b0\u01a1ng y\u00eau con ng\u01b0\u1eddi, tinh th\u1ea7n \u0111o\u00e0n k\u1ebft c\u1ee7a d\u00e2n t\u1ed9c Vi\u1ec7t Nam;<\/p>\n<p>\n2. Ch\u00ednh s\u00e1ch, ph\u00e1p lu\u1eadt c\u1ee7a Nh\u00e0 n\u01b0\u1edbc v\u1ec1 ho\u1ea1t \u0111\u1ed9ng ch\u1eef th\u1eadp \u0111\u1ecf;<\/p>\n<p>\n3. Ph\u00e1p lu\u1eadt nh\u00e2n \u0111\u1ea1o qu\u1ed1c t\u1ebf, nguy\u00ean t\u1eafc c\u01a1 b\u1ea3n c\u1ee7a Phong tr\u00e0o ch\u1eef th\u1eadp \u0111\u1ecf v\u00e0 tr\u0103ng l\u01b0\u1ee1i li\u1ec1m \u0111\u1ecf qu\u1ed1c t\u1ebf, \u0111i\u1ec1u \u01b0\u1edbc qu\u1ed1c t\u1ebf kh\u00e1c v\u1ec1 ho\u1ea1t \u0111\u1ed9ng nh\u00e2n \u0111\u1ea1o m\u00e0 C\u1ed9ng h\u00f2a x\u00e3 h\u1ed9i ch\u1ee7 ngh\u0129a Vi\u1ec7t Nam l\u00e0 th\u00e0nh vi\u00ean.<\/p>\n\t\t\n<style>\n#text-2239222541 {\n  color: rgb(0, 0, 0);\n}\n#text-2239222541 > * {\n  color: rgb(0, 0, 0);\n}\n<\/style>\n\t<\/div>\n\t \t\t<\/div>\n\t\t\t\t\t<\/div>\n\n\t <\/div> \t\t<\/div>\n\n\t\t\n<style>\n#section_454108666 {\n  padding-top: 30px;\n  padding-bottom: 30px;\n}\n<\/style>\n\t<\/section>\n\t\n","protected":false},"excerpt":{"rendered":"","protected":false},"author":3,"featured_media":0,"parent":23973,"menu_order":0,"comment_status":"closed","ping_status":"closed","template":"","meta":{"inline_featured_image":false,"footnotes":""},"acf":[],"_links":{"self":[{"href":"https:\/\/redcross.org.vn\/en\/wp-json\/wp\/v2\/pages\/24113"}],"collection":[{"href":"https:\/\/redcross.org.vn\/en\/wp-json\/wp\/v2\/pages"}],"about":[{"href":"https:\/\/redcross.org.vn\/en\/wp-json\/wp\/v2\/types\/page"}],"author":[{"embeddable":true,"href":"https:\/\/redcross.org.vn\/en\/wp-json\/wp\/v2\/users\/3"}],"replies":[{"embeddable":true,"href":"https:\/\/redcross.org.vn\/en\/wp-json\/wp\/v2\/comments?post=24113"}],"version-history":[{"count":4,"href":"https:\/\/redcross.org.vn\/en\/wp-json\/wp\/v2\/pages\/24113\/revisions"}],"predecessor-version":[{"id":24767,"href":"https:\/\/redcross.org.vn\/en\/wp-json\/wp\/v2\/pages\/24113\/revisions\/24767"}],"up":[{"embeddable":true,"href":"https:\/\/redcross.org.vn\/en\/wp-json\/wp\/v2\/pages\/23973"}],"wp:attachment":[{"href":"https:\/\/redcross.org.vn\/en\/wp-json\/wp\/v2\/media?parent=24113"}],"curies":[{"name":"wp","href":"https:\/\/api.w.org\/{rel}","templated":true}]}}