{"id":24112,"date":"2024-01-17T10:00:43","date_gmt":"2024-01-17T10:00:43","guid":{"rendered":"https:\/\/redcross.org.vn\/red-cross-activity\/tim-kiem-tin-tuc-than-nhan-that-lac\/"},"modified":"2024-07-24T03:59:00","modified_gmt":"2024-07-24T03:59:00","slug":"searching-for-news-of-lost-relatives","status":"publish","type":"page","link":"https:\/\/redcross.org.vn\/en\/red-cross-activities\/searching-for-news-of-lost-relatives","title":{"rendered":"Restoring Family Links"},"content":{"rendered":"\t<section class=\"section custom-border-section\" id=\"section_1251703986\">\n\t\t<div class=\"bg section-bg fill bg-fill  bg-loaded\" >\n\n\t\t\t\n\t\t\t\n\t\t\t\n\n\t\t<\/div>\n\n\t\t\n\n\t\t<div class=\"section-content relative\">\n\t\t\t <div class=\"row row-collapse row-full-width align-equal align-center\"  id=\"row-1295087218\"> \n\t<div id=\"col-397680130\" class=\"col small-12 large-12\"  >\n\t\t\t\t<div class=\"col-inner\"  >\n\t\t\t\n\t\t\t <div class=\"container section-title-container title-page-custom\" ><h3 class=\"section-title section-title-normal\"><b><\/b><span class=\"section-title-main\" >T\u00ccM KI\u1ebeM TIN T\u1ee8C TH\u00c2N NH\u00c2N TH\u1ea4T L\u1ea0C DO CHI\u1ebeN TRANH, THI\u00caN TAI, TH\u1ea2M H\u1eccA<\/span><b><\/b><\/h3><\/div> \t\t<\/div>\n\t\t\t\t\t<\/div>\n\n\t <\/div> <div class=\"row row-collapse row-full-width align-equal align-center\"  id=\"row-1515998514\"> \n\t<div id=\"col-51632483\" class=\"col small-12 large-12\"  >\n\t\t\t\t<div class=\"col-inner\"  >\n\t\t\t\n\t\t\t \t<div id=\"text-1062851658\" class=\"text text-justify\">\n\t\t\n<p><strong>Ho\u1ea1t \u0111\u1ed9ng ch\u1eef th\u1eadp \u0111\u1ecf v\u1ec1 t\u00ecm ki\u1ebfm tin t\u1ee9c th\u00e2n nh\u00e2n th\u1ea5t l\u1ea1c do chi\u1ebfn tranh, thi\u00ean tai, th\u1ea3m h\u1ecda l\u00e0 ho\u1ea1t \u0111\u1ed9ng cung c\u1ea5p th\u00f4ng tin v\u1ec1 th\u00e2n nh\u00e2n ho\u1eb7c h\u1ed7 tr\u1ee3 vi\u1ec7c g\u1eb7p g\u1ee1, \u0111o\u00e0n t\u1ee5 cho c\u00e1 nh\u00e2n, gia \u0111\u00ecnh b\u1ecb th\u1ea5t l\u1ea1c do chi\u1ebfn tranh, thi\u00ean tai, th\u1ea3m h\u1ecda \u1edf trong n\u01b0\u1edbc v\u00e0 \u1edf n\u01b0\u1edbc ngo\u00e0i, bao g\u1ed3m:<\/strong><\/p>\n<p>\n1. Tuy\u00ean truy\u1ec1n v\u1ec1 m\u1ee5c \u0111\u00edch, \u00fd ngh\u0129a, ph\u1ea1m vi c\u1ee7a ho\u1ea1t \u0111\u1ed9ng ch\u1eef th\u1eadp \u0111\u1ecf v\u1ec1 t\u00ecm ki\u1ebfm tin t\u1ee9c th\u00e2n nh\u00e2n;<\/p>\n<p>\n2. Thu th\u1eadp, x\u1eed l\u00fd, h\u1ed7 tr\u1ee3 vi\u1ec7c trao \u0111\u1ed5i th\u00f4ng tin li\u00ean quan \u0111\u1ebfn th\u00e2n nh\u00e2n c\u1ee7a c\u00e1 nh\u00e2n, gia \u0111\u00ecnh c\u1ea7n t\u00ecm ki\u1ebfm tin t\u1ee9c trong tr\u01b0\u1eddng h\u1ee3p c\u00e1c k\u00eanh li\u00ean l\u1ea1c th\u00f4ng th\u01b0\u1eddng b\u1ecb gi\u00e1n \u0111o\u1ea1n;<\/p>\n<p>\n3. T\u01b0 v\u1ea5n, h\u01b0\u1edbng d\u1eabn, h\u1ed7 tr\u1ee3, gi\u00fap \u0111\u1ee1 c\u00e1 nh\u00e2n, gia \u0111\u00ecnh, th\u00e2n nh\u00e2n c\u1ee7a h\u1ecd trong vi\u1ec7c li\u00ean h\u1ec7, ti\u1ebfn h\u00e0nh c\u00e1c th\u1ee7 t\u1ee5c c\u1ea7n thi\u1ebft \u0111\u1ec3 s\u1edbm g\u1eb7p g\u1ee1, \u0111o\u00e0n t\u1ee5 gia \u0111\u00ecnh.<\/p>\n\t\t\n<style>\n#text-1062851658 {\n  color: rgb(0, 0, 0);\n}\n#text-1062851658 > * {\n  color: rgb(0, 0, 0);\n}\n<\/style>\n\t<\/div>\n\t \t\t<\/div>\n\t\t\t\t\t<\/div>\n\n\t <\/div> \t\t<\/div>\n\n\t\t\n<style>\n#section_1251703986 {\n  padding-top: 30px;\n  padding-bottom: 30px;\n}\n<\/style>\n\t<\/section>\n\t\n","protected":false},"excerpt":{"rendered":"","protected":false},"author":3,"featured_media":0,"parent":23973,"menu_order":0,"comment_status":"closed","ping_status":"closed","template":"","meta":{"inline_featured_image":false,"footnotes":""},"acf":[],"_links":{"self":[{"href":"https:\/\/redcross.org.vn\/en\/wp-json\/wp\/v2\/pages\/24112"}],"collection":[{"href":"https:\/\/redcross.org.vn\/en\/wp-json\/wp\/v2\/pages"}],"about":[{"href":"https:\/\/redcross.org.vn\/en\/wp-json\/wp\/v2\/types\/page"}],"author":[{"embeddable":true,"href":"https:\/\/redcross.org.vn\/en\/wp-json\/wp\/v2\/users\/3"}],"replies":[{"embeddable":true,"href":"https:\/\/redcross.org.vn\/en\/wp-json\/wp\/v2\/comments?post=24112"}],"version-history":[{"count":4,"href":"https:\/\/redcross.org.vn\/en\/wp-json\/wp\/v2\/pages\/24112\/revisions"}],"predecessor-version":[{"id":24778,"href":"https:\/\/redcross.org.vn\/en\/wp-json\/wp\/v2\/pages\/24112\/revisions\/24778"}],"up":[{"embeddable":true,"href":"https:\/\/redcross.org.vn\/en\/wp-json\/wp\/v2\/pages\/23973"}],"wp:attachment":[{"href":"https:\/\/redcross.org.vn\/en\/wp-json\/wp\/v2\/media?parent=24112"}],"curies":[{"name":"wp","href":"https:\/\/api.w.org\/{rel}","templated":true}]}}