{"id":24111,"date":"2023-11-09T01:31:37","date_gmt":"2023-11-09T01:31:37","guid":{"rendered":"https:\/\/redcross.org.vn\/red-cross-activity\/so-cap-cuu-ban-dau\/"},"modified":"2024-07-03T17:09:27","modified_gmt":"2024-07-03T17:09:27","slug":"first-aid","status":"publish","type":"page","link":"https:\/\/redcross.org.vn\/en\/red-cross-activities\/first-aid","title":{"rendered":"First Aid"},"content":{"rendered":"\t<section class=\"section custom-border-section\" id=\"section_1890302193\">\n\t\t<div class=\"bg section-bg fill bg-fill  bg-loaded\" >\n\n\t\t\t\n\t\t\t\n\t\t\t\n\n\t\t<\/div>\n\n\t\t\n\n\t\t<div class=\"section-content relative\">\n\t\t\t\n<div class=\"row row-collapse row-full-width align-equal align-center\"  id=\"row-558316440\">\n\n\t<div id=\"col-256315003\" class=\"col small-12 large-12\"  >\n\t\t\t\t<div class=\"col-inner\"  >\n\t\t\t\n\t\t\t\n<div class=\"container section-title-container title-page-custom\" ><h3 class=\"section-title section-title-normal\"><b><\/b><span class=\"section-title-main\" >S\u01a0 C\u1ea4P C\u1ee8U BAN \u0110\u1ea6U<\/span><b><\/b><\/h3><\/div>\n\t\t<\/div>\n\t\t\t\t\t<\/div>\n\n\t\n<\/div>\n<div class=\"row row-collapse row-full-width align-equal align-center\"  id=\"row-392055992\">\n\n\t<div id=\"col-417357013\" class=\"col small-12 large-12\"  >\n\t\t\t\t<div class=\"col-inner\"  >\n\t\t\t\n\t\t\t\n\t<div id=\"text-3373184666\" class=\"text text-justify\">\n\t\t\n<p><strong>Ho\u1ea1t \u0111\u1ed9ng ch\u1eef th\u1eadp \u0111\u1ecf v\u1ec1 s\u01a1 c\u1ea5p c\u1ee9u ban \u0111\u1ea7u l\u00e0 ho\u1ea1t \u0111\u1ed9ng s\u01a1 c\u1ea5p c\u1ee9u \u0111\u1ed1i v\u1edbi n\u1ea1n nh\u00e2n chi\u1ebfn tranh, thi\u00ean tai, d\u1ecbch b\u1ec7nh, ho\u1ea3 ho\u1ea1n, tai n\u1ea1n giao th\u00f4ng v\u00e0 c\u00e1c tai n\u1ea1n, th\u1ea3m h\u1ecda kh\u00e1c, bao g\u1ed3m:<\/strong><\/p>\n<p>\n1. T\u1ed5 ch\u1ee9c s\u01a1 c\u1ea5p c\u1ee9u t\u1ea1i ch\u1ed7, k\u1ecbp th\u1eddi \u0111\u01b0a n\u1ea1n nh\u00e2n \u0111\u1ebfn c\u01a1 s\u1edf y t\u1ebf v\u00e0 b\u00e1o tin cho gia \u0111\u00ecnh, c\u01a1 quan, t\u1ed5 ch\u1ee9c n\u01a1i n\u1ea1n nh\u00e2n l\u00e0m vi\u1ec7c ho\u1eb7c U\u1ef7 ban nh\u00e2n d\u00e2n c\u1ea5p x\u00e3 n\u01a1i n\u1ea1n nh\u00e2n c\u01b0 tr\u00fa;<\/p>\n<p>\n2. T\u1ed5 ch\u1ee9c l\u1ef1c l\u01b0\u1ee3ng, ti\u1ebfn h\u00e0nh \u0111\u00e0o t\u1ea1o, hu\u1ea5n luy\u1ec7n, b\u1ed3i d\u01b0\u1ee1ng h\u1ed9i vi\u00ean, t\u00ecnh nguy\u1ec7n vi\u00ean c\u00f3 k\u1ef9 n\u0103ng, ph\u01b0\u01a1ng ph\u00e1p s\u01a1 c\u1ea5p c\u1ee9u;<\/p>\n<p>\n3. T\u1ed5 ch\u1ee9c \u0111i\u1ec3m, tr\u1ea1m s\u01a1 c\u1ea5p c\u1ee9u \u1edf nh\u1eefng n\u01a1i th\u01b0\u1eddng xuy\u00ean x\u1ea3y ra tai n\u1ea1n, cung c\u1ea5p d\u1ee5ng c\u1ee5 s\u01a1 c\u1ea5p c\u1ee9u.<\/p>\n\t\t\n<style>\n#text-3373184666 {\n  color: rgb(0, 0, 0);\n}\n#text-3373184666 > * {\n  color: rgb(0, 0, 0);\n}\n<\/style>\n\t<\/div>\n\t\n\t\t<\/div>\n\t\t\t\t\t<\/div>\n\n\t\n<\/div>\n\t\t<\/div>\n\n\t\t\n<style>\n#section_1890302193 {\n  padding-top: 30px;\n  padding-bottom: 30px;\n}\n<\/style>\n\t<\/section>\n\t\n","protected":false},"excerpt":{"rendered":"","protected":false},"author":1,"featured_media":0,"parent":23973,"menu_order":0,"comment_status":"closed","ping_status":"closed","template":"","meta":{"inline_featured_image":false,"footnotes":""},"acf":[],"_links":{"self":[{"href":"https:\/\/redcross.org.vn\/en\/wp-json\/wp\/v2\/pages\/24111"}],"collection":[{"href":"https:\/\/redcross.org.vn\/en\/wp-json\/wp\/v2\/pages"}],"about":[{"href":"https:\/\/redcross.org.vn\/en\/wp-json\/wp\/v2\/types\/page"}],"author":[{"embeddable":true,"href":"https:\/\/redcross.org.vn\/en\/wp-json\/wp\/v2\/users\/1"}],"replies":[{"embeddable":true,"href":"https:\/\/redcross.org.vn\/en\/wp-json\/wp\/v2\/comments?post=24111"}],"version-history":[{"count":2,"href":"https:\/\/redcross.org.vn\/en\/wp-json\/wp\/v2\/pages\/24111\/revisions"}],"predecessor-version":[{"id":24173,"href":"https:\/\/redcross.org.vn\/en\/wp-json\/wp\/v2\/pages\/24111\/revisions\/24173"}],"up":[{"embeddable":true,"href":"https:\/\/redcross.org.vn\/en\/wp-json\/wp\/v2\/pages\/23973"}],"wp:attachment":[{"href":"https:\/\/redcross.org.vn\/en\/wp-json\/wp\/v2\/media?parent=24111"}],"curies":[{"name":"wp","href":"https:\/\/api.w.org\/{rel}","templated":true}]}}