{"id":24109,"date":"2023-11-08T04:03:12","date_gmt":"2023-11-08T04:03:12","guid":{"rendered":"https:\/\/redcross.org.vn\/red-cross-activity\/hien-mau-hien-tang-mo-tang-nhan-dao\/"},"modified":"2024-07-23T09:37:07","modified_gmt":"2024-07-23T09:37:07","slug":"organ-donation","status":"publish","type":"page","link":"https:\/\/redcross.org.vn\/en\/red-cross-activities\/organ-donation","title":{"rendered":"Donation of blood, tissues and organs"},"content":{"rendered":"\t<section class=\"section custom-border-section\" id=\"section_1506026165\">\n\t\t<div class=\"bg section-bg fill bg-fill  bg-loaded\" >\n\n\t\t\t\n\t\t\t\n\t\t\t\n\n\t\t<\/div>\n\n\t\t\n\n\t\t<div class=\"section-content relative\">\n\t\t\t\n<div class=\"row row-collapse row-full-width align-equal align-center\"  id=\"row-174047231\">\n\n\t<div id=\"col-506232200\" class=\"col small-12 large-12\"  >\n\t\t\t\t<div class=\"col-inner\"  >\n\t\t\t\n\t\t\t\n<div class=\"container section-title-container title-page-custom\" ><h3 class=\"section-title section-title-normal\"><b><\/b><span class=\"section-title-main\" >HI\u1ebeN M\u00c1U NH\u00c2N \u0110\u1ea0O, HI\u1ebeN M\u00d4, B\u1ed8 PH\u1eacN C\u01a0 TH\u1ec2 NG\u01af\u1edcI V\u00c0 HI\u1ebeN X\u00c1C<\/span><b><\/b><\/h3><\/div>\n\t\t<\/div>\n\t\t\t\t\t<\/div>\n\n\t\n<\/div>\n<div class=\"row row-collapse row-full-width align-equal align-center\"  id=\"row-1512357675\">\n\n\t<div id=\"col-259372433\" class=\"col small-12 large-12\"  >\n\t\t\t\t<div class=\"col-inner\"  >\n\t\t\t\n\t\t\t\n\t<div id=\"text-3648789037\" class=\"text text-justify\">\n\t\t\n<p><strong>1. Ho\u1ea1t \u0111\u1ed9ng ch\u1eef th\u1eadp \u0111\u1ecf v\u1ec1 hi\u1ebfn m\u00e1u nh\u00e2n \u0111\u1ea1o l\u00e0 ho\u1ea1t \u0111\u1ed9ng g\u00f3p ph\u1ea7n \u0111\u00e1p \u1ee9ng nhu c\u1ea7u m\u00e1u ph\u1ee5c v\u1ee5 ch\u1eefa b\u1ec7nh, bao g\u1ed3m:<\/strong><\/p>\n<p>\n\u00a0 a) Tuy\u00ean truy\u1ec1n, v\u1eadn \u0111\u1ed9ng hi\u1ebfn m\u00e1u;<\/p>\n<p>\n\u00a0 b) T\u1ed5 ch\u1ee9c l\u1ef1c l\u01b0\u1ee3ng, c\u01a1 s\u1edf hi\u1ebfn m\u00e1u;<\/p>\n<p>\n\u00a0 c) T\u1ed5 ch\u1ee9c hi\u1ebfn m\u00e1u;<\/p>\n<p>\n\u00a0 d) Ti\u1ebfp nh\u1eadn m\u00e1u, s\u1ea3n ph\u1ea9m m\u00e1u t\u1eeb t\u1ed5 ch\u1ee9c, c\u00e1 nh\u00e2n;<\/p>\n<p>\n\u00a0\u0111) Ph\u1ed1i h\u1ee3p v\u1edbi ng\u00e0nh y t\u1ebf trong vi\u1ec7c x\u00e9t nghi\u1ec7m, b\u1ea3o qu\u1ea3n \u0111\u00fang quy tr\u00ecnh k\u1ef9 thu\u1eadt m\u00e1u v\u00e0 s\u1ea3n ph\u1ea9m m\u00e1u.<\/p>\n<p>\n<strong>2. Ho\u1ea1t \u0111\u1ed9ng ch\u1eef th\u1eadp \u0111\u1ecf v\u1ec1 hi\u1ebfn m\u00f4, b\u1ed9 ph\u1eadn c\u01a1 th\u1ec3 ng\u01b0\u1eddi v\u00e0 hi\u1ebfn x\u00e1c l\u00e0 ho\u1ea1t \u0111\u1ed9ng tuy\u00ean truy\u1ec1n v\u1ec1 \u00fd ngh\u0129a, m\u1ee5c \u0111\u00edch nh\u00e2n \u0111\u1ea1o c\u1ee7a vi\u1ec7c hi\u1ebfn m\u00f4, b\u1ed9 ph\u1eadn c\u01a1 th\u1ec3 ng\u01b0\u1eddi v\u00e0 hi\u1ebfn x\u00e1c.<\/strong><\/p>\n\t\t\n<style>\n#text-3648789037 {\n  color: rgb(0, 0, 0);\n}\n#text-3648789037 > * {\n  color: rgb(0, 0, 0);\n}\n<\/style>\n\t<\/div>\n\t\n\t\t<\/div>\n\t\t\t\t\t<\/div>\n\n\t\n<\/div>\n\t\t<\/div>\n\n\t\t\n<style>\n#section_1506026165 {\n  padding-top: 30px;\n  padding-bottom: 30px;\n}\n<\/style>\n\t<\/section>\n\t\n","protected":false},"excerpt":{"rendered":"","protected":false},"author":1,"featured_media":0,"parent":23973,"menu_order":0,"comment_status":"closed","ping_status":"closed","template":"","meta":{"inline_featured_image":false,"footnotes":""},"acf":[],"_links":{"self":[{"href":"https:\/\/redcross.org.vn\/en\/wp-json\/wp\/v2\/pages\/24109"}],"collection":[{"href":"https:\/\/redcross.org.vn\/en\/wp-json\/wp\/v2\/pages"}],"about":[{"href":"https:\/\/redcross.org.vn\/en\/wp-json\/wp\/v2\/types\/page"}],"author":[{"embeddable":true,"href":"https:\/\/redcross.org.vn\/en\/wp-json\/wp\/v2\/users\/1"}],"replies":[{"embeddable":true,"href":"https:\/\/redcross.org.vn\/en\/wp-json\/wp\/v2\/comments?post=24109"}],"version-history":[{"count":4,"href":"https:\/\/redcross.org.vn\/en\/wp-json\/wp\/v2\/pages\/24109\/revisions"}],"predecessor-version":[{"id":24762,"href":"https:\/\/redcross.org.vn\/en\/wp-json\/wp\/v2\/pages\/24109\/revisions\/24762"}],"up":[{"embeddable":true,"href":"https:\/\/redcross.org.vn\/en\/wp-json\/wp\/v2\/pages\/23973"}],"wp:attachment":[{"href":"https:\/\/redcross.org.vn\/en\/wp-json\/wp\/v2\/media?parent=24109"}],"curies":[{"name":"wp","href":"https:\/\/api.w.org\/{rel}","templated":true}]}}