{"id":24108,"date":"2023-11-08T03:57:12","date_gmt":"2023-11-08T03:57:12","guid":{"rendered":"https:\/\/redcross.org.vn\/red-cross-activity\/cham-soc-suc-khoe\/"},"modified":"2024-07-03T17:09:10","modified_gmt":"2024-07-03T17:09:10","slug":"health-care","status":"publish","type":"page","link":"https:\/\/redcross.org.vn\/en\/red-cross-activities\/health-care","title":{"rendered":"Health care"},"content":{"rendered":"\t<section class=\"section custom-border-section\" id=\"section_1902774599\">\n\t\t<div class=\"bg section-bg fill bg-fill  bg-loaded\" >\n\n\t\t\t\n\t\t\t\n\t\t\t\n\n\t\t<\/div>\n\n\t\t\n\n\t\t<div class=\"section-content relative\">\n\t\t\t\n<div class=\"row row-collapse row-full-width align-equal align-center\"  id=\"row-676511459\">\n\n\t<div id=\"col-1037150826\" class=\"col small-12 large-12\"  >\n\t\t\t\t<div class=\"col-inner\"  >\n\t\t\t\n\t\t\t\n<div class=\"container section-title-container title-page-custom\" ><h3 class=\"section-title section-title-normal\"><b><\/b><span class=\"section-title-main\" >CH\u0102M S\u00d3C S\u1ee8C KH\u1eceE<\/span><b><\/b><\/h3><\/div>\n\t\t<\/div>\n\t\t\t\t\t<\/div>\n\n\t\n<\/div>\n<div class=\"row row-collapse row-full-width align-equal align-center\"  id=\"row-1981899738\">\n\n\t<div id=\"col-1923124721\" class=\"col small-12 large-12\"  >\n\t\t\t\t<div class=\"col-inner\"  >\n\t\t\t\n\t\t\t\n\t<div id=\"text-812786012\" class=\"text text-justify\">\n\t\t\n<div>\n<p><strong>Ho\u1ea1t \u0111\u1ed9ng ch\u1eef th\u1eadp \u0111\u1ecf v\u1ec1 ch\u0103m s\u00f3c s\u1ee9c kho\u1ebb l\u00e0 ho\u1ea1t \u0111\u1ed9ng g\u00f3p ph\u1ea7n b\u1ea3o v\u1ec7 v\u00e0 n\u00e2ng cao s\u1ee9c kho\u1ebb nh\u00e2n d\u00e2n, tham gia ph\u00f2ng, ch\u1ed1ng d\u1ecbch b\u1ec7nh, bao g\u1ed3m:<\/strong><\/p>\n<p>\n1. Tuy\u00ean truy\u1ec1n, ph\u1ed5 bi\u1ebfn ki\u1ebfn th\u1ee9c v\u1ec1 ch\u0103m s\u00f3c s\u1ee9c kh\u1ecfe; v\u1eadn \u0111\u1ed9ng, h\u01b0\u1edbng d\u1eabn v\u00e0 h\u1ed7 tr\u1ee3 nh\u00e2n d\u00e2n th\u1ef1c hi\u1ec7n bi\u1ec7n ph\u00e1p ch\u0103m s\u00f3c s\u1ee9c kh\u1ecfe cho b\u1ea3n th\u00e2n, gia \u0111\u00ecnh v\u00e0 c\u1ed9ng \u0111\u1ed3ng;<\/p>\n<p>\n2. T\u1ed5 ch\u1ee9c l\u1ef1c l\u01b0\u1ee3ng, ti\u1ebfn h\u00e0nh hu\u1ea5n luy\u1ec7n, \u0111\u00e0o t\u1ea1o, b\u1ed3i d\u01b0\u1ee1ng h\u1ed9i vi\u00ean, t\u00ecnh nguy\u1ec7n vi\u00ean c\u00f3 ki\u1ebfn th\u1ee9c, k\u1ef9 n\u0103ng, ph\u01b0\u01a1ng ph\u00e1p \u0111\u1ec3 th\u1ef1c hi\u1ec7n ho\u1ea1t \u0111\u1ed9ng ch\u0103m s\u00f3c s\u1ee9c kh\u1ecfe;<\/p>\n<p>\n3. Tham gia ph\u00f2ng, ch\u1ed1ng d\u1ecbch b\u1ec7nh;<\/p>\n<p>\n4. T\u1ed5 ch\u1ee9c c\u01a1 s\u1edf kh\u00e1m b\u1ec7nh, ch\u1eefa b\u1ec7nh nh\u00e2n \u0111\u1ea1o, h\u00ecnh th\u1ee9c kh\u00e1m b\u1ec7nh, ch\u1eefa b\u1ec7nh l\u01b0u \u0111\u1ed9ng theo quy \u0111\u1ecbnh c\u1ee7a ph\u00e1p lu\u1eadt.<\/p>\n<\/div>\n\t\t\n<style>\n#text-812786012 {\n  color: rgb(0, 0, 0);\n}\n#text-812786012 > * {\n  color: rgb(0, 0, 0);\n}\n<\/style>\n\t<\/div>\n\t\n\t\t<\/div>\n\t\t\t\t\t<\/div>\n\n\t\n<\/div>\n\t\t<\/div>\n\n\t\t\n<style>\n#section_1902774599 {\n  padding-top: 30px;\n  padding-bottom: 30px;\n}\n<\/style>\n\t<\/section>\n\t\n","protected":false},"excerpt":{"rendered":"","protected":false},"author":1,"featured_media":0,"parent":23973,"menu_order":0,"comment_status":"closed","ping_status":"closed","template":"","meta":{"inline_featured_image":false,"footnotes":""},"acf":[],"_links":{"self":[{"href":"https:\/\/redcross.org.vn\/en\/wp-json\/wp\/v2\/pages\/24108"}],"collection":[{"href":"https:\/\/redcross.org.vn\/en\/wp-json\/wp\/v2\/pages"}],"about":[{"href":"https:\/\/redcross.org.vn\/en\/wp-json\/wp\/v2\/types\/page"}],"author":[{"embeddable":true,"href":"https:\/\/redcross.org.vn\/en\/wp-json\/wp\/v2\/users\/1"}],"replies":[{"embeddable":true,"href":"https:\/\/redcross.org.vn\/en\/wp-json\/wp\/v2\/comments?post=24108"}],"version-history":[{"count":2,"href":"https:\/\/redcross.org.vn\/en\/wp-json\/wp\/v2\/pages\/24108\/revisions"}],"predecessor-version":[{"id":24172,"href":"https:\/\/redcross.org.vn\/en\/wp-json\/wp\/v2\/pages\/24108\/revisions\/24172"}],"up":[{"embeddable":true,"href":"https:\/\/redcross.org.vn\/en\/wp-json\/wp\/v2\/pages\/23973"}],"wp:attachment":[{"href":"https:\/\/redcross.org.vn\/en\/wp-json\/wp\/v2\/media?parent=24108"}],"curies":[{"name":"wp","href":"https:\/\/api.w.org\/{rel}","templated":true}]}}