{"id":24091,"date":"2023-11-06T11:07:10","date_gmt":"2023-11-06T11:07:10","guid":{"rendered":"https:\/\/redcross.org.vn\/organizational-system\/trung-tam-truc-thuoc\/"},"modified":"2025-04-04T07:48:08","modified_gmt":"2025-04-04T00:48:08","slug":"press-and-communication-channels","status":"publish","type":"page","link":"https:\/\/redcross.org.vn\/en\/organizational-system\/press-and-communication-channels","title":{"rendered":"Communication channels"},"content":{"rendered":"\t<section class=\"section custom-border-section\" id=\"section_1417868378\">\n\t\t<div class=\"bg section-bg fill bg-fill  bg-loaded\" >\n\n\t\t\t\n\t\t\t\n\t\t\t\n\n\t\t<\/div>\n\n\t\t\n\n\t\t<div class=\"section-content relative\">\n\t\t\t\n<div class=\"row row-collapse row-full-width align-equal\"  id=\"row-242627229\">\n\n\t<div id=\"col-1148865477\" class=\"col small-12 large-12\"  >\n\t\t\t\t<div class=\"col-inner\"  >\n\t\t\t\n\t\t\t\n<div class=\"container section-title-container title-page-custom\" ><h3 class=\"section-title section-title-normal\"><b><\/b><span class=\"section-title-main\" >C\u00c1C K\u00caNH TRUY\u1ec0N TH\u00d4NG<\/span><b><\/b><\/h3><\/div>\n\t\t<\/div>\n\t\t\t\t\t<\/div>\n\n\t\n<\/div>\n<div class=\"row row-collapse row-full-width align-equal align-center\"  id=\"row-1957606239\">\n\n\t<div id=\"col-517433790\" class=\"col small-12 large-12\"  >\n\t\t\t\t<div class=\"col-inner\"  >\n\t\t\t\n\t\t\t\n\t<div id=\"text-3516417576\" class=\"text no-margin no-padding\">\n\t\t\n<p style=\"margin: 2.0pt 0cm .0001pt 0cm;\"><strong>1.\u00a0 T<\/strong><strong>rung t\u00e2m\u00a0Truy\u1ec1n h\u00ecnh Nh\u00e2n \u0111\u1ea1o:\u00a0<\/strong><br \/>\n\u2022\u00a0\u00a0 \u00a0\u0110\u1ecba ch\u1ec9: 68 B\u00e0 Tri\u1ec7u, H\u00e0 N\u1ed9i<br \/>\n\u2022\u00a0\u00a0 \u00a0\u0110i\u1ec7n tho\u1ea1i: 024 39445305<br \/>\n\u2022\u00a0\u00a0 \u00a0E.mail: truyenhinhnhandaovtv1@gmail.com<br \/>\n\u2022\u00a0\u00a0 \u00a0Website: https:\/\/nhandaovtv.vn\/<br \/>\n\u2022\u00a0\u00a0 \u00a0Gi\u00e1m \u0111\u1ed1c: \u00d4ng Ph\u1ea1m V\u0103n H\u00e0<\/p>\n<p style=\"margin: 2.0pt 0cm .0001pt 0cm;\"><strong>2.\u00a0 C\u1ed5ng th\u00f4ng tin \u0111i\u1ec7n t\u1eed H\u1ed9i Ch\u1eef th\u1eadp \u0111\u1ecf Vi\u1ec7t Nam:<\/strong><br \/>\n\u2022\u00a0\u00a0 \u00a0\u0110\u1ecba ch\u1ec9: 82 Nguy\u1ec5n Du, H\u00e0 N\u1ed9i<br \/>\n\u2022\u00a0\u00a0 \u00a0\u0110i\u1ec7n tho\u1ea1i:02438224030\u00a0\u00a0<br \/>\n\u2022\u00a0\u00a0 \u00a0E.mail: bantruyenthong@redcross.org.vn<br \/>\n\u2022\u00a0\u00a0 \u00a0Website: http:\/\/www.redcross.org.vn<\/p>\n<p style=\"margin: 2.0pt 0cm .0001pt 0cm;\"><strong>3.\u00a0\u00a0Trang Facebook H\u1ed9i Ch\u1eef th\u1eadp \u0111\u1ecf Vi\u1ec7t Nam:<\/strong><br \/>\n\u2022\u00a0\u00a0 \u00a0\u0110\u1ecba ch\u1ec9: 82 Nguy\u1ec5n Du, H\u00e0 N\u1ed9i<br \/>\n\u2022\u00a0\u00a0 \u00a0\u0110i\u1ec7n tho\u1ea1i: 024 38224030<br \/>\n\u2022\u00a0\u00a0 \u00a0E.mail: bantruyenthong@redcross.org.vn<br \/>\n\u2022\u00a0\u00a0 \u00a0Facebook:\u00a0https:\/\/www.facebook.com\/redcross.org.vn<\/p>\n<p style=\"margin: 2.0pt 0cm .0001pt 0cm;\"><strong>4.\u00a0 Trang Youtube H\u1ed9i Ch\u1eef th\u1eadp \u0111\u1ecf Vi\u1ec7t Nam:\u00a0<\/strong><\/p>\n<p style=\"margin: 2.0pt 0cm .0001pt 0cm;\">\u2022\u00a0\u00a0 \u00a0\u0110\u1ecba ch\u1ec9: 82 Nguy\u1ec5n Du, H\u00e0 N\u1ed9i<br \/>\n\u2022\u00a0\u00a0 \u00a0\u0110i\u1ec7n tho\u1ea1i: 024 38224030<br \/>\n\u2022\u00a0\u00a0 \u00a0E.mail: bantruyenthong@redcross.org.vn<br \/>\n\u2022\u00a0 \u00a0 Web:\u00a0<\/p>\n\t\t\t<\/div>\n\t\n\t\t<\/div>\n\t\t\t\t\t<\/div>\n\n\t\n<\/div>\n\t\t<\/div>\n\n\t\t\n<style>\n#section_1417868378 {\n  padding-top: 0px;\n  padding-bottom: 0px;\n}\n<\/style>\n\t<\/section>\n\t\n","protected":false},"excerpt":{"rendered":"","protected":false},"author":1,"featured_media":0,"parent":24040,"menu_order":0,"comment_status":"closed","ping_status":"closed","template":"","meta":{"inline_featured_image":false,"footnotes":""},"acf":[],"_links":{"self":[{"href":"https:\/\/redcross.org.vn\/en\/wp-json\/wp\/v2\/pages\/24091"}],"collection":[{"href":"https:\/\/redcross.org.vn\/en\/wp-json\/wp\/v2\/pages"}],"about":[{"href":"https:\/\/redcross.org.vn\/en\/wp-json\/wp\/v2\/types\/page"}],"author":[{"embeddable":true,"href":"https:\/\/redcross.org.vn\/en\/wp-json\/wp\/v2\/users\/1"}],"replies":[{"embeddable":true,"href":"https:\/\/redcross.org.vn\/en\/wp-json\/wp\/v2\/comments?post=24091"}],"version-history":[{"count":4,"href":"https:\/\/redcross.org.vn\/en\/wp-json\/wp\/v2\/pages\/24091\/revisions"}],"predecessor-version":[{"id":28311,"href":"https:\/\/redcross.org.vn\/en\/wp-json\/wp\/v2\/pages\/24091\/revisions\/28311"}],"up":[{"embeddable":true,"href":"https:\/\/redcross.org.vn\/en\/wp-json\/wp\/v2\/pages\/24040"}],"wp:attachment":[{"href":"https:\/\/redcross.org.vn\/en\/wp-json\/wp\/v2\/media?parent=24091"}],"curies":[{"name":"wp","href":"https:\/\/api.w.org\/{rel}","templated":true}]}}