{"id":24075,"date":"2023-11-06T09:46:47","date_gmt":"2023-11-06T09:46:47","guid":{"rendered":"https:\/\/redcross.org.vn\/introduce\/chu-tich-tw-hoi-qua-cac-thoi-ky\/"},"modified":"2025-10-30T13:39:30","modified_gmt":"2025-10-30T06:39:30","slug":"chairman-of-the-central-committee-of-the-association-through-the-periods","status":"publish","type":"page","link":"https:\/\/redcross.org.vn\/en\/introduction\/chairman-of-the-central-committee-of-the-association-through-the-periods","title":{"rendered":"Presidents of Vietnam Red Cross Society throughout history"},"content":{"rendered":"\t<section class=\"section custom-border-section\" id=\"section_73359363\">\n\t\t<div class=\"bg section-bg fill bg-fill  bg-loaded\" >\n\n\t\t\t\n\t\t\t\n\t\t\t\n\n\t\t<\/div>\n\n\t\t\n\n\t\t<div class=\"section-content relative\">\n\t\t\t\n<p>\n<div class=\"row row-collapse row-full-width align-middle align-center\"  id=\"row-1207858304\">\n<p>\n\n\t<div id=\"col-1627542092\" class=\"col small-12 large-12\"  data-animate=\"fadeInUp\">\n\t\t\t\t<div class=\"col-inner text-center\"  >\n\t\t\t\n\t\t\t\n<p>\n<div class=\"container section-title-container title-page-custom\" ><h3 class=\"section-title section-title-center\"><b><\/b><span class=\"section-title-main\" >Presidents of Viet Nam Red Cross Society throughout history<\/span><b><\/b><\/h3><\/div>\n\t\t<\/div>\n\t\t\t\t\n<style>\n#col-1627542092 > .col-inner {\n  padding: 0px 0px 0px 0px;\n}\n<\/style>\n\t<\/div>\n\n\t\n<\/p>\n<\/div>\n<\/p>\n<p>\n<div class=\"row row-collapse row-full-width align-middle align-center add-animation\"  id=\"row-2090388537\">\n<p>\n\n\t<div id=\"col-671109134\" class=\"col medium-12 small-12 large-12\"  >\n\t\t\t\t<div class=\"col-inner\"  >\n\t\t\t\n\t\t\t\n<p>\n\t<div class=\"box has-hover hover-phanthuongcaoquy  has-hover box-text-bottom\" >\n\n\t\t<div class=\"box-image\" style=\"width:30%;\">\n\t\t\t\t\t\t<div class=\"\" >\n\t\t\t\t<img decoding=\"async\" width=\"100\" height=\"132\" src=\"https:\/\/redcross.org.vn\/wp-content\/uploads\/2023\/11\/bacsivudinhtung.gif\" class=\"attachment-original size-original\" alt=\"\" \/>\t\t\t\t\t\t\t\t\t\t\t<\/div>\n\t\t\t\t\t<\/div>\n\n\t\t<div class=\"box-text text-center\" >\n\t\t\t<div class=\"box-text-inner\">\n\t\t\t\t\n<p>\n\t<div id=\"text-771658310\" class=\"text\">\n\t\t\n<h4><strong>B\u00e1c s\u0129 V\u0168 \u0110\u00ccNH T\u1ee4NG<\/strong><\/h4>\n<p><strong>Ch\u1ee7 t\u1ecbch H\u1ed9i H\u1ed3ng th\u1eadp t\u1ef1 Vi\u1ec7t Nam (1946-1973)<\/strong><br \/>\n\t\t\n<style>\n#text-771658310 {\n  text-align: center;\n}\n<\/style>\n\t<\/div>\n\t\n<\/p>\n\t\t\t<\/div>\n\t\t<\/div>\n\t<\/div>\n\t\n<\/p>\n\t\t<\/div>\n\t\t\t\t\n<style>\n#col-671109134 > .col-inner {\n  padding: 0px 0px 0px 0px;\n  margin: 15px 0px 0px 0px;\n}\n@media (min-width:850px) {\n  #col-671109134 > .col-inner {\n    padding: 0px 25% 0px 25%;\n  }\n}\n<\/style>\n\t<\/div>\n\n\t\n\n\t<div id=\"col-1742357876\" class=\"col medium-12 small-12 large-4\"  >\n\t\t\t\t<div class=\"col-inner\"  >\n\t\t\t\n\t\t\t\n<p>\n\t<div class=\"box has-hover hover-phanthuongcaoquy  has-hover box-text-bottom\" >\n\n\t\t<div class=\"box-image\" style=\"width:40%;\">\n\t\t\t\t\t\t<div class=\"image-cover\" style=\"padding-top:150%;\">\n\t\t\t\t<img decoding=\"async\" width=\"98\" height=\"132\" src=\"https:\/\/redcross.org.vn\/wp-content\/uploads\/2023\/11\/gsnguyenvanthu.gif\" class=\"attachment-original size-original\" alt=\"\" \/>\t\t\t\t\t\t\t\t\t\t\t<\/div>\n\t\t\t\t\t<\/div>\n\n\t\t<div class=\"box-text text-center\" >\n\t\t\t<div class=\"box-text-inner\">\n\t\t\t\t\n<p>\n\t<div id=\"text-2953134457\" class=\"text\">\n\t\t\n<h4><strong>B\u00e1c s\u0129 NGUY\u1ec4N V\u0102N TH\u1ee6<\/strong><\/h4>\n<p><strong>Ch\u1ee7 t\u1ecbch H\u1ed9i Ch\u1eef th\u1eadp \u0111\u1ecf Vi\u1ec7t Nam<\/strong><\/p>\n<p><strong>7\/1976-6\/1984<\/strong><br \/>\n\t\t\n<style>\n#text-2953134457 {\n  text-align: center;\n}\n<\/style>\n\t<\/div>\n\t\n<\/p>\n\t\t\t<\/div>\n\t\t<\/div>\n\t<\/div>\n\t\n<\/p>\n\t\t<\/div>\n\t\t\t\t\n<style>\n#col-1742357876 > .col-inner {\n  margin: 15px 0px 0px 0px;\n}\n<\/style>\n\t<\/div>\n\n\t\n\n\t<div id=\"col-634134291\" class=\"col medium-12 small-12 large-4\"  >\n\t\t\t\t<div class=\"col-inner\"  >\n\t\t\t\n\t\t\t\n<p>\n\t<div class=\"box has-hover hover-phanthuongcaoquy  has-hover box-text-bottom\" >\n\n\t\t<div class=\"box-image\" style=\"width:40%;\">\n\t\t\t\t\t\t<div class=\"image-cover\" style=\"padding-top:150%;\">\n\t\t\t\t<img decoding=\"async\" width=\"922\" height=\"1415\" src=\"https:\/\/redcross.org.vn\/wp-content\/uploads\/2024\/01\/65-1.jpg\" class=\"attachment-original size-original\" alt=\"\" \/>\t\t\t\t\t\t\t\t\t\t\t<\/div>\n\t\t\t\t\t<\/div>\n\n\t\t<div class=\"box-text text-center\" >\n\t\t\t<div class=\"box-text-inner\">\n\t\t\t\t\n<p>\n\t<div id=\"text-182125684\" class=\"text\">\n\t\t\n<h4><strong>GS.TS. NGUY\u1ec4N TR\u1eccNG NH\u00c2N<\/strong><\/h4>\n<p><strong>Ch\u1ee7 t\u1ecbch H\u1ed9i Ch\u1eef th\u1eadp \u0111\u1ecf Vi\u1ec7t Nam<\/strong><\/p>\n<p><strong>9\/1987-7\/2003<\/strong><br \/>\n\t\t\n<style>\n#text-182125684 {\n  text-align: center;\n}\n<\/style>\n\t<\/div>\n\t\n<\/p>\n\t\t\t<\/div>\n\t\t<\/div>\n\t<\/div>\n\t\n<\/p>\n\t\t<\/div>\n\t\t\t\t\n<style>\n#col-634134291 > .col-inner {\n  margin: 15px 0px 0px 0px;\n}\n<\/style>\n\t<\/div>\n\n\t\n\n\t<div id=\"col-311915662\" class=\"col medium-12 small-12 large-4\"  >\n\t\t\t\t<div class=\"col-inner\"  >\n\t\t\t\n\t\t\t\n<p>\n\t<div class=\"box has-hover hover-phanthuongcaoquy  has-hover box-text-bottom\" >\n\n\t\t<div class=\"box-image\" style=\"width:40%;\">\n\t\t\t\t\t\t<div class=\"image-cover\" style=\"padding-top:150%;\">\n\t\t\t\t<img decoding=\"async\" width=\"87\" height=\"133\" src=\"https:\/\/redcross.org.vn\/wp-content\/uploads\/2023\/11\/gs-thuong.jpg\" class=\"attachment-original size-original\" alt=\"\" \/>\t\t\t\t\t\t\t\t\t\t\t<\/div>\n\t\t\t\t\t<\/div>\n\n\t\t<div class=\"box-text text-center\" >\n\t\t\t<div class=\"box-text-inner\">\n\t\t\t\t\n<p>\n\t<div id=\"text-644108362\" class=\"text\">\n\t\t\n<h4><strong>GS.TSKH. NGUY\u1ec4N V\u0102N TH\u01af\u1edeNG<\/strong><\/h4>\n<p><strong>Ch\u1ee7 t\u1ecbch H\u1ed9i Ch\u1eef th\u1eadp \u0111\u1ecf Vi\u1ec7t Nam<\/strong><\/p>\n<p><strong>7\/2003-6\/2007<\/strong><br \/>\n\t\t\n<style>\n#text-644108362 {\n  text-align: center;\n}\n<\/style>\n\t<\/div>\n\t\n<\/p>\n\t\t\t<\/div>\n\t\t<\/div>\n\t<\/div>\n\t\n<\/p>\n\t\t<\/div>\n\t\t\t\t\n<style>\n#col-311915662 > .col-inner {\n  margin: 15px 0px 0px 0px;\n}\n<\/style>\n\t<\/div>\n\n\t\n\n\t<div id=\"col-1464815470\" class=\"col medium-12 small-12 large-4\"  >\n\t\t\t\t<div class=\"col-inner\"  >\n\t\t\t\n\t\t\t\n<p>\n\t<div class=\"box has-hover hover-phanthuongcaoquy  has-hover box-text-bottom\" >\n\n\t\t<div class=\"box-image\" style=\"width:40%;\">\n\t\t\t\t\t\t<div class=\"image-cover\" style=\"padding-top:150%;\">\n\t\t\t\t<img decoding=\"async\" width=\"98\" height=\"133\" src=\"https:\/\/redcross.org.vn\/wp-content\/uploads\/2023\/11\/chu-tich-tang.jpg\" class=\"attachment-original size-original\" alt=\"\" \/>\t\t\t\t\t\t\t\t\t\t\t<\/div>\n\t\t\t\t\t<\/div>\n\n\t\t<div class=\"box-text text-center\" >\n\t\t\t<div class=\"box-text-inner\">\n\t\t\t\t\n<p>\n\t<div id=\"text-1415498395\" class=\"text\">\n\t\t\n<h4><strong>TS. TR\u1ea6N NG\u1eccC T\u0102NG<\/strong><\/h4>\n<p><strong>Ch\u1ee7 t\u1ecbch H\u1ed9i Ch\u1eef th\u1eadp \u0111\u1ecf Vi\u1ec7t Nam<\/strong><\/p>\n<p><strong>6\/2007-7\/2012<\/strong><br \/>\n\t\t\n<style>\n#text-1415498395 {\n  text-align: center;\n}\n<\/style>\n\t<\/div>\n\t\n<\/p>\n\t\t\t<\/div>\n\t\t<\/div>\n\t<\/div>\n\t\n<\/p>\n\t\t<\/div>\n\t\t\t\t\n<style>\n#col-1464815470 > .col-inner {\n  margin: 15px 0px 0px 0px;\n}\n<\/style>\n\t<\/div>\n\n\t\n\n\t<div id=\"col-187994337\" class=\"col medium-12 small-12 large-4\"  >\n\t\t\t\t<div class=\"col-inner\"  >\n\t\t\t\n\t\t\t\n<p>\n\t<div class=\"box has-hover hover-phanthuongcaoquy  has-hover box-text-bottom\" >\n\n\t\t<div class=\"box-image\" style=\"width:40%;\">\n\t\t\t\t\t\t<div class=\"image-cover\" style=\"padding-top:150%;\">\n\t\t\t\t<img decoding=\"async\" width=\"87\" height=\"133\" src=\"https:\/\/redcross.org.vn\/wp-content\/uploads\/2023\/11\/ct-duong133.jpg\" class=\"attachment-original size-original\" alt=\"\" \/>\t\t\t\t\t\t\t\t\t\t\t<\/div>\n\t\t\t\t\t<\/div>\n\n\t\t<div class=\"box-text text-center\" >\n\t\t\t<div class=\"box-text-inner\">\n\t\t\t\t\n<p>\n\t<div id=\"text-3596055577\" class=\"text\">\n\t\t\n<h4><strong>\u00d4ng NGUY\u1ec4N H\u1ea2I \u0110\u01af\u1edcNG<\/strong><\/h4>\n<p><strong>Ch\u1ee7 t\u1ecbch H\u1ed9i Ch\u1eef th\u1eadp \u0111\u1ecf Vi\u1ec7t Nam<\/strong><\/p>\n<p><strong>7\/2012-2015<\/strong><br \/>\n\t\t\n<style>\n#text-3596055577 {\n  text-align: center;\n}\n<\/style>\n\t<\/div>\n\t\n<\/p>\n\t\t\t<\/div>\n\t\t<\/div>\n\t<\/div>\n\t\n<\/p>\n\t\t<\/div>\n\t\t\t\t\n<style>\n#col-187994337 > .col-inner {\n  margin: 15px 0px 0px 0px;\n}\n<\/style>\n\t<\/div>\n\n\t\n\n\t<div id=\"col-830784659\" class=\"col medium-12 small-12 large-4\"  >\n\t\t\t\t<div class=\"col-inner\"  >\n\t\t\t\n\t\t\t\n<p>\n\t<div class=\"box has-hover hover-phanthuongcaoquy  has-hover box-text-bottom\" >\n\n\t\t<div class=\"box-image\" style=\"width:40%;\">\n\t\t\t\t\t\t<div class=\"\" >\n\t\t\t\t<img decoding=\"async\" width=\"93\" height=\"133\" src=\"https:\/\/redcross.org.vn\/wp-content\/uploads\/2023\/11\/ct-thu133.jpg\" class=\"attachment-original size-original\" alt=\"\" \/>\t\t\t\t\t\t\t\t\t\t\t<\/div>\n\t\t\t\t\t<\/div>\n\n\t\t<div class=\"box-text text-center\" >\n\t\t\t<div class=\"box-text-inner\">\n\t\t\t\t\n<p>\n\t<div id=\"text-3373971276\" class=\"text\">\n\t\t\n<h4><strong>PGS.TS. NGUY\u1ec4N TH\u1eca XU\u00c2N THU<\/strong><\/h4>\n<p><strong>Ch\u1ee7 t\u1ecbch H\u1ed9i Ch\u1eef th\u1eadp \u0111\u1ecf Vi\u1ec7t Nam<\/strong><\/p>\n<p><strong>01\/2016 &#8211; 01\/9\/2021<\/strong><br \/>\n\t\t\n<style>\n#text-3373971276 {\n  text-align: center;\n}\n<\/style>\n\t<\/div>\n\t\n<\/p>\n\t\t\t<\/div>\n\t\t<\/div>\n\t<\/div>\n\t\n<\/p>\n\t\t<\/div>\n\t\t\t\t\n<style>\n#col-830784659 > .col-inner {\n  margin: 15px 0px 0px 0px;\n}\n<\/style>\n\t<\/div>\n\n\t\n\n\t<div id=\"col-389696574\" class=\"col add-animation medium-12 small-12 large-4\"  >\n\t\t\t\t<div class=\"col-inner\"  >\n\t\t\t\n\t\t\t\n<p>\n\t<div class=\"box has-hover hover-phanthuongcaoquy  has-hover box-text-bottom\" >\n\n\t\t<div class=\"box-image\" style=\"width:40%;\">\n\t\t\t\t\t\t<div class=\"image-cover\" style=\"padding-top:150%;\">\n\t\t\t\t<img decoding=\"async\" width=\"117\" height=\"153\" src=\"https:\/\/redcross.org.vn\/wp-content\/uploads\/2023\/11\/nh-chu-tich-ok.jpg\" class=\"attachment-original size-original\" alt=\"\" \/>\t\t\t\t\t\t\t\t\t\t\t<\/div>\n\t\t\t\t\t<\/div>\n\n\t\t<div class=\"box-text text-center\" >\n\t\t\t<div class=\"box-text-inner\">\n\t\t\t\t\n<p>\n\t<div id=\"text-3264118355\" class=\"text\">\n\t\t\n<h4><strong>B\u00e0 B\u00d9I TH\u1eca H\u00d2A<\/strong><\/h4>\n<p><strong>Ch\u1ee7 t\u1ecbch H\u1ed9i Ch\u1eef th\u1eadp \u0111\u1ecf Vi\u1ec7t Nam<\/strong><\/p>\n<p><strong>1\/2022 \u0111\u1ebfn 3\/2025<\/strong><br \/>\n\t\t\n<style>\n#text-3264118355 {\n  text-align: center;\n}\n<\/style>\n\t<\/div>\n\t\n<\/p>\n\t\t\t<\/div>\n\t\t<\/div>\n\t<\/div>\n\t\n<\/p>\n\t\t<\/div>\n\t\t\t\t\n<style>\n#col-389696574 > .col-inner {\n  margin: 15px 0px 0px 0px;\n}\n<\/style>\n\t<\/div>\n\n\t\n\n\t<div id=\"col-1629971420\" class=\"col add-animation medium-12 small-12 large-4\"  >\n\t\t\t\t<div class=\"col-inner\"  >\n\t\t\t\n\t\t\t\n<p>\n\t<div class=\"box has-hover hover-phanthuongcaoquy  has-hover box-text-bottom\" >\n\n\t\t<div class=\"box-image\" style=\"width:40%;\">\n\t\t\t\t\t\t<div class=\"image-cover\" style=\"padding-top:150%;\">\n\t\t\t\t<img decoding=\"async\" width=\"832\" height=\"1248\" src=\"https:\/\/redcross.org.vn\/wp-content\/uploads\/2025\/10\/z7170798259831_c17eace3b41f03c27d4c8f056fe80458-e1761806102591.jpg\" class=\"attachment-original size-original\" alt=\"\" \/>\t\t\t\t\t\t\t\t\t\t\t<\/div>\n\t\t\t\t\t<\/div>\n\n\t\t<div class=\"box-text text-center\" >\n\t\t\t<div class=\"box-text-inner\">\n\t\t\t\t\n<p>\n\t<div id=\"text-1314341607\" class=\"text\">\n\t\t\n<h4><strong>B\u00e0 \u0110\u1ed6 TH\u1eca THU TH\u1ea2O<\/strong><\/h4>\n<p><strong>Ch\u1ee7 t\u1ecbch H\u1ed9i Ch\u1eef th\u1eadp \u0111\u1ecf Vi\u1ec7t Nam<\/strong><\/p>\n<p><strong>10\/2025 \u0111\u1ebfn nay<\/strong><\/p>\n<p>\n\t\t\n<style>\n#text-1314341607 {\n  text-align: center;\n}\n<\/style>\n\t<\/div>\n\t\n<\/p>\n\t\t\t<\/div>\n\t\t<\/div>\n\t<\/div>\n\t\n<\/p>\n\t\t<\/div>\n\t\t\t\t\n<style>\n#col-1629971420 > .col-inner {\n  margin: 15px 0px 0px 0px;\n}\n<\/style>\n\t<\/div>\n\n\t\n<\/p>\n<\/div>\n<div class=\"row row-collapse row-full-width align-middle align-center add-animation\"  id=\"row-1345239870\">\n<\/div>\n<div class=\"row row-collapse row-full-width align-middle align-center\"  id=\"row-1578068373\">\n<\/div>\n<\/p>\n\t\t<\/div>\n\n\t\t\n<style>\n#section_73359363 {\n  padding-top: 30px;\n  padding-bottom: 30px;\n  background-color: rgb(255,255,255);\n}\n<\/style>\n\t<\/section>\n\t\n","protected":false},"excerpt":{"rendered":"","protected":false},"author":1,"featured_media":0,"parent":23967,"menu_order":0,"comment_status":"closed","ping_status":"closed","template":"","meta":{"inline_featured_image":false,"footnotes":""},"acf":[],"_links":{"self":[{"href":"https:\/\/redcross.org.vn\/en\/wp-json\/wp\/v2\/pages\/24075"}],"collection":[{"href":"https:\/\/redcross.org.vn\/en\/wp-json\/wp\/v2\/pages"}],"about":[{"href":"https:\/\/redcross.org.vn\/en\/wp-json\/wp\/v2\/types\/page"}],"author":[{"embeddable":true,"href":"https:\/\/redcross.org.vn\/en\/wp-json\/wp\/v2\/users\/1"}],"replies":[{"embeddable":true,"href":"https:\/\/redcross.org.vn\/en\/wp-json\/wp\/v2\/comments?post=24075"}],"version-history":[{"count":14,"href":"https:\/\/redcross.org.vn\/en\/wp-json\/wp\/v2\/pages\/24075\/revisions"}],"predecessor-version":[{"id":30697,"href":"https:\/\/redcross.org.vn\/en\/wp-json\/wp\/v2\/pages\/24075\/revisions\/30697"}],"up":[{"embeddable":true,"href":"https:\/\/redcross.org.vn\/en\/wp-json\/wp\/v2\/pages\/23967"}],"wp:attachment":[{"href":"https:\/\/redcross.org.vn\/en\/wp-json\/wp\/v2\/media?parent=24075"}],"curies":[{"name":"wp","href":"https:\/\/api.w.org\/{rel}","templated":true}]}}